{"id":987515685,"date":"2025-02-09T09:25:43","date_gmt":"2025-02-09T08:25:43","guid":{"rendered":"https:\/\/ahsin.de\/spende-gescheitert\/"},"modified":"2025-02-09T09:25:43","modified_gmt":"2025-02-09T08:25:43","slug":"spende-gescheitert","status":"publish","type":"page","link":"https:\/\/ahsin.de\/tr\/spende-gescheitert\/","title":{"rendered":"Ba\u011f\u0131\u015f ba\u015far\u0131s\u0131z oldu"},"content":{"rendered":"<p>\u00dczg\u00fcn\u00fcz, ba\u011f\u0131\u015f\u0131n\u0131z i\u015fleme al\u0131namad\u0131. L\u00fctfen tekrar deneyin veya web sitesi deste\u011fi ile ileti\u015fime ge\u00e7in.<\/p>","protected":false},"excerpt":{"rendered":"<p>\u00dczg\u00fcn\u00fcz, ba\u011f\u0131\u015f\u0131n\u0131z i\u015fleme al\u0131namad\u0131. L\u00fctfen tekrar deneyin veya web sitesi deste\u011fi ile ileti\u015fime ge\u00e7in.<\/p>","protected":false},"author":1,"featured_media":0,"parent":0,"menu_order":0,"comment_status":"closed","ping_status":"closed","template":"","meta":{"_et_pb_use_builder":"","_et_pb_old_content":"","_et_gb_content_width":"","footnotes":""},"class_list":["post-987515685","page","type-page","status-publish","hentry"],"_links":{"self":[{"href":"https:\/\/ahsin.de\/tr\/wp-json\/wp\/v2\/pages\/987515685","targetHints":{"allow":["GET"]}}],"collection":[{"href":"https:\/\/ahsin.de\/tr\/wp-json\/wp\/v2\/pages"}],"about":[{"href":"https:\/\/ahsin.de\/tr\/wp-json\/wp\/v2\/types\/page"}],"author":[{"embeddable":true,"href":"https:\/\/ahsin.de\/tr\/wp-json\/wp\/v2\/users\/1"}],"replies":[{"embeddable":true,"href":"https:\/\/ahsin.de\/tr\/wp-json\/wp\/v2\/comments?post=987515685"}],"version-history":[{"count":0,"href":"https:\/\/ahsin.de\/tr\/wp-json\/wp\/v2\/pages\/987515685\/revisions"}],"wp:attachment":[{"href":"https:\/\/ahsin.de\/tr\/wp-json\/wp\/v2\/media?parent=987515685"}],"curies":[{"name":"wp","href":"https:\/\/api.w.org\/{rel}","templated":true}]}}